{"id":1137,"date":"2025-06-02T00:13:13","date_gmt":"2025-06-01T22:13:13","guid":{"rendered":"https:\/\/ffw-linswege.de\/?page_id=1137"},"modified":"2025-09-08T22:53:03","modified_gmt":"2025-09-08T20:53:03","slug":"werde-teil-von-etwas-grossem","status":"publish","type":"page","link":"https:\/\/ffw-linswege.de\/?page_id=1137","title":{"rendered":"Werde Teil von etwas Gro\u00dfem"},"content":{"rendered":"\n<figure class=\"wp-block-image alignwide size-full\"><img loading=\"lazy\" decoding=\"async\" width=\"1824\" height=\"1024\" src=\"https:\/\/ffw-linswege.de\/wp-content\/uploads\/2025\/06\/Werbebild01.jpg\" alt=\"\" class=\"wp-image-1138\" srcset=\"https:\/\/ffw-linswege.de\/wp-content\/uploads\/2025\/06\/Werbebild01.jpg 1824w, https:\/\/ffw-linswege.de\/wp-content\/uploads\/2025\/06\/Werbebild01-300x168.jpg 300w, https:\/\/ffw-linswege.de\/wp-content\/uploads\/2025\/06\/Werbebild01-1024x575.jpg 1024w, https:\/\/ffw-linswege.de\/wp-content\/uploads\/2025\/06\/Werbebild01-768x431.jpg 768w, https:\/\/ffw-linswege.de\/wp-content\/uploads\/2025\/06\/Werbebild01-1536x862.jpg 1536w\" sizes=\"auto, (max-width: 1824px) 100vw, 1824px\" \/><\/figure>\n\n\n\n<p>Unsere Gesellschaft lebt vom Miteinander \u2013 nicht nur in guten Zeiten, sondern vor allem dann, wenn\u2019s brenzlig wird. Unf\u00e4lle, Br\u00e4nde, St\u00fcrme oder Notlagen: Wenn Hilfe gebraucht wird, z\u00e4hlt jede Sekunde \u2013 und jeder Mensch, der bereit ist, Verantwortung zu \u00fcbernehmen.<\/p>\n\n\n\n<p><strong>Genau deshalb gibt es die Freiwillige Feuerwehr.<\/strong> Wir sind keine bezahlten Profis, sondern Menschen wie du: Sch\u00fcler, Handwerker, Angestellte, Eltern, Auszubildende \u2013 vereint durch den Wunsch zu helfen, wenn andere nicht mehr weiterwissen.<\/p>\n\n\n\n<p>Bei uns findest du keine Einzelk\u00e4mpfer, sondern ein starkes Team. Du lernst moderne Technik kennen, bekommst eine fundierte Ausbildung \u2013 und erlebst eine Kameradschaft, wie man sie heute kaum noch findet.<\/p>\n\n\n\n<p><strong>Ehrenamt bedeutet nicht, etwas umsonst zu tun. Sondern etwas Wertvolles.<\/strong> F\u00fcr andere \u2013 und f\u00fcr dich selbst. Denn helfen tut gut. Es macht stolz. Es verbindet. Und es ver\u00e4ndert dich \u2013 auf die beste Art.<\/p>\n\n\n\n<p>Also: Werde Teil unserer Feuerwehrfamilie. F\u00fcr die Region. F\u00fcr deine Nachbarn. F\u00fcr dich.<\/p>\n\n\n\n<div class=\"wp-block-buttons is-content-justification-center is-layout-flex wp-container-core-buttons-is-layout-a89b3969 wp-block-buttons-is-layout-flex\">\n<div class=\"wp-block-button\"><a class=\"wp-block-button__link has-custom-feuerwehr-rot-background-color has-background wp-element-button\" href=\"https:\/\/ffw-linswege.de\/?page_id=1056\">Kontakt<\/a><\/div>\n<\/div>\n\n\n\n<p><\/p>\n","protected":false},"excerpt":{"rendered":"<p>Unsere Gesellschaft lebt vom Miteinander \u2013 nicht nur in guten Zeiten, sondern vor allem dann, wenn\u2019s brenzlig wird. Unf\u00e4lle, Br\u00e4nde, St\u00fcrme oder Notlagen: Wenn Hilfe gebraucht wird, z\u00e4hlt jede Sekunde \u2013 und jeder Mensch, der bereit ist, Verantwortung zu \u00fcbernehmen. Genau deshalb gibt es die Freiwillige Feuerwehr. Wir sind keine bezahlten Profis, sondern Menschen wie [&hellip;]<\/p>\n","protected":false},"author":2,"featured_media":0,"parent":0,"menu_order":0,"comment_status":"closed","ping_status":"closed","template":"","meta":{"footnotes":""},"class_list":["post-1137","page","type-page","status-publish","hentry"],"_links":{"self":[{"href":"https:\/\/ffw-linswege.de\/index.php?rest_route=\/wp\/v2\/pages\/1137","targetHints":{"allow":["GET"]}}],"collection":[{"href":"https:\/\/ffw-linswege.de\/index.php?rest_route=\/wp\/v2\/pages"}],"about":[{"href":"https:\/\/ffw-linswege.de\/index.php?rest_route=\/wp\/v2\/types\/page"}],"author":[{"embeddable":true,"href":"https:\/\/ffw-linswege.de\/index.php?rest_route=\/wp\/v2\/users\/2"}],"replies":[{"embeddable":true,"href":"https:\/\/ffw-linswege.de\/index.php?rest_route=%2Fwp%2Fv2%2Fcomments&post=1137"}],"version-history":[{"count":4,"href":"https:\/\/ffw-linswege.de\/index.php?rest_route=\/wp\/v2\/pages\/1137\/revisions"}],"predecessor-version":[{"id":1196,"href":"https:\/\/ffw-linswege.de\/index.php?rest_route=\/wp\/v2\/pages\/1137\/revisions\/1196"}],"wp:attachment":[{"href":"https:\/\/ffw-linswege.de\/index.php?rest_route=%2Fwp%2Fv2%2Fmedia&parent=1137"}],"curies":[{"name":"wp","href":"https:\/\/api.w.org\/{rel}","templated":true}]}}