{"id":3,"date":"2024-11-27T12:28:42","date_gmt":"2024-11-27T11:28:42","guid":{"rendered":"http:\/\/ffw-linswege.de\/?page_id=3"},"modified":"2025-03-30T21:41:40","modified_gmt":"2025-03-30T19:41:40","slug":"datenschutzerklaerung","status":"publish","type":"page","link":"https:\/\/ffw-linswege.de\/?page_id=3","title":{"rendered":"Impressum &amp; Datenschutzerkl\u00e4rung"},"content":{"rendered":"\n<h2 class=\"wp-block-heading\" id=\"Impressum\">Impressum<\/h2>\n\n\n\n<p><strong>Freiwillige Feuerwehr Linswege<\/strong><br>Zum Hullen 40<br>26655 Westerstede<br>Deutschland<\/p>\n\n\n\n<p>Telefon: 0151 22662468<br>E-Mail: <a>info@ffw-linswege.de<\/a><br>Web: <a class=\"\" href=\"https:\/\/www.ffw-linswege.de\">https:\/\/www.ffw-linswege.de<\/a><\/p>\n\n\n\n<p><strong>Vertreten durch den Ortsbrandmeister:<\/strong><br>Timo Hedenkamp<\/p>\n\n\n\n<p><strong>Verantwortlich f\u00fcr den Inhalt nach \u00a7 55 Abs. 2 RStV:<\/strong><br>Ingo J\u00fcrgens<br>Anschrift wie oben<\/p>\n\n\n\n<h3 class=\"wp-block-heading\">Haftungsausschluss (Disclaimer)<\/h3>\n\n\n\n<p>Trotz sorgf\u00e4ltiger inhaltlicher Kontrolle \u00fcbernehmen wir keine Haftung f\u00fcr die Inhalte externer Links. F\u00fcr den Inhalt verlinkter Seiten sind ausschlie\u00dflich deren Betreiber verantwortlich.<\/p>\n\n\n\n<hr class=\"wp-block-separator has-alpha-channel-opacity\"\/>\n\n\n\n<h2 class=\"wp-block-heading\" id=\"Datenschutz\">Datenschutzerkl\u00e4rung<\/h2>\n\n\n\n<h3 class=\"wp-block-heading\"><strong>Allgemeines<\/strong><\/h3>\n\n\n\n<p>Der Schutz Ihrer pers\u00f6nlichen Daten ist uns ein wichtiges Anliegen. Diese Website kann grunds\u00e4tzlich ohne Angabe personenbezogener Daten genutzt werden. Personenbezogene Daten werden nur erhoben, wenn Sie diese aktiv \u00fcber ein Formular (z.\u202fB. Kommentarfunktion) eingeben.<\/p>\n\n\n\n<h3 class=\"wp-block-heading\"><strong>Kommentare<\/strong><\/h3>\n\n\n\n<p>Wenn Sie einen Kommentar auf unserer Website hinterlassen, werden die Daten erfasst, die im Kommentarformular eingegeben wurden, sowie zus\u00e4tzlich Ihre IP-Adresse und der User-Agent-String Ihres Browsers. Dies dient der Spam-Erkennung.<\/p>\n\n\n\n<h3 class=\"wp-block-heading\"><strong>Cookies<\/strong><\/h3>\n\n\n\n<p>Beim Verfassen eines Kommentars kann Ihre Einwilligung gespeichert werden, Ihren Namen, Ihre E-Mail-Adresse und ggf. Ihre Website in Cookies zu speichern. Dies ist eine Komfortfunktion, damit Sie bei weiteren Kommentaren diese Daten nicht erneut eingeben m\u00fcssen. Diese Cookies bleiben ein Jahr lang gespeichert.<\/p>\n\n\n\n<h3 class=\"wp-block-heading\"><strong>Eingebettete Inhalte von anderen Websites<\/strong><\/h3>\n\n\n\n<p>Beitr\u00e4ge auf dieser Website k\u00f6nnen eingebettete Inhalte enthalten (z.\u202fB. Videos, Karten, Beitr\u00e4ge anderer Websites). Eingebettete Inhalte verhalten sich so, als h\u00e4tten Sie die externe Website direkt besucht. Diese Seiten k\u00f6nnen Daten \u00fcber Sie sammeln, Cookies verwenden und Ihre Interaktion aufzeichnen.<\/p>\n\n\n\n<h3 class=\"wp-block-heading\"><strong>Ihre Rechte<\/strong><\/h3>\n\n\n\n<p>Sie haben jederzeit das Recht auf unentgeltliche Auskunft \u00fcber Ihre bei uns gespeicherten personenbezogenen Daten, deren Herkunft, Empf\u00e4nger und Zweck der Verarbeitung sowie ein Recht auf Berichtigung oder L\u00f6schung dieser Daten. Dazu reicht eine formlose Mitteilung per E-Mail an uns.<\/p>\n\n\n\n<h3 class=\"wp-block-heading\"><strong>Kontakt bei Datenschutzanfragen<\/strong><\/h3>\n\n\n\n<p>Freiwillige Feuerwehr Linswege<br>E-Mail: <a>info@ffw-linswege.de<\/a><\/p>\n","protected":false},"excerpt":{"rendered":"<p>Impressum Freiwillige Feuerwehr LinswegeZum Hullen 4026655 WesterstedeDeutschland Telefon: 0151 22662468E-Mail: info@ffw-linswege.deWeb: https:\/\/www.ffw-linswege.de Vertreten durch den Ortsbrandmeister:Timo Hedenkamp Verantwortlich f\u00fcr den Inhalt nach \u00a7 55 Abs. 2 RStV:Ingo J\u00fcrgensAnschrift wie oben Haftungsausschluss (Disclaimer) Trotz sorgf\u00e4ltiger inhaltlicher Kontrolle \u00fcbernehmen wir keine Haftung f\u00fcr die Inhalte externer Links. F\u00fcr den Inhalt verlinkter Seiten sind ausschlie\u00dflich deren Betreiber verantwortlich. [&hellip;]<\/p>\n","protected":false},"author":2,"featured_media":0,"parent":0,"menu_order":0,"comment_status":"closed","ping_status":"open","template":"","meta":{"footnotes":""},"class_list":["post-3","page","type-page","status-publish","hentry"],"_links":{"self":[{"href":"https:\/\/ffw-linswege.de\/index.php?rest_route=\/wp\/v2\/pages\/3","targetHints":{"allow":["GET"]}}],"collection":[{"href":"https:\/\/ffw-linswege.de\/index.php?rest_route=\/wp\/v2\/pages"}],"about":[{"href":"https:\/\/ffw-linswege.de\/index.php?rest_route=\/wp\/v2\/types\/page"}],"author":[{"embeddable":true,"href":"https:\/\/ffw-linswege.de\/index.php?rest_route=\/wp\/v2\/users\/2"}],"replies":[{"embeddable":true,"href":"https:\/\/ffw-linswege.de\/index.php?rest_route=%2Fwp%2Fv2%2Fcomments&post=3"}],"version-history":[{"count":2,"href":"https:\/\/ffw-linswege.de\/index.php?rest_route=\/wp\/v2\/pages\/3\/revisions"}],"predecessor-version":[{"id":1052,"href":"https:\/\/ffw-linswege.de\/index.php?rest_route=\/wp\/v2\/pages\/3\/revisions\/1052"}],"wp:attachment":[{"href":"https:\/\/ffw-linswege.de\/index.php?rest_route=%2Fwp%2Fv2%2Fmedia&parent=3"}],"curies":[{"name":"wp","href":"https:\/\/api.w.org\/{rel}","templated":true}]}}