{"id":47,"date":"2024-11-27T20:26:19","date_gmt":"2024-11-27T19:26:19","guid":{"rendered":"http:\/\/ffw-linswege.de\/?page_id=47"},"modified":"2026-02-15T22:43:40","modified_gmt":"2026-02-15T21:43:40","slug":"foerderverein","status":"publish","type":"page","link":"https:\/\/ffw-linswege.de\/?page_id=47","title":{"rendered":"F\u00f6rderverein"},"content":{"rendered":"\n<p>Die Freiwillige Feuerwehr Linswege lebt vom Engagement \u2013 nicht nur der aktiven Einsatzkr\u00e4fte, sondern auch von Menschen, die uns finanziell oder materiell unterst\u00fctzen. Genau hier kommt unser <strong>F\u00f6rderverein<\/strong> ins Spiel.<\/p>\n\n\n\n<div style=\"height:50px\" aria-hidden=\"true\" class=\"wp-block-spacer\"><\/div>\n\n\n\n<div class=\"wp-block-columns alignwide is-layout-flex wp-container-core-columns-is-layout-28f84493 wp-block-columns-is-layout-flex\">\n<div class=\"wp-block-column is-layout-flow wp-block-column-is-layout-flow\">\n<figure class=\"wp-block-image aligncenter size-full is-resized\"><img loading=\"lazy\" decoding=\"async\" width=\"1024\" height=\"715\" src=\"https:\/\/ffw-linswege.de\/wp-content\/uploads\/2025\/03\/LogoFoerdervereinRot.png\" alt=\"\" class=\"wp-image-1037\" style=\"width:400px\" srcset=\"https:\/\/ffw-linswege.de\/wp-content\/uploads\/2025\/03\/LogoFoerdervereinRot.png 1024w, https:\/\/ffw-linswege.de\/wp-content\/uploads\/2025\/03\/LogoFoerdervereinRot-300x209.png 300w, https:\/\/ffw-linswege.de\/wp-content\/uploads\/2025\/03\/LogoFoerdervereinRot-768x536.png 768w\" sizes=\"auto, (max-width: 1024px) 100vw, 1024px\" \/><\/figure>\n<\/div>\n\n\n\n<div class=\"wp-block-column is-layout-flow wp-block-column-is-layout-flow\">\n<h2 class=\"wp-block-heading\">Was macht der F\u00f6rderverein?<\/h2>\n\n\n\n<p>Der F\u00f6rderverein der Freiwilligen Feuerwehr Linswege unterst\u00fctzt unsere Feuerwehr in vielf\u00e4ltiger Weise. Haupts\u00e4chlich verwalten wir \u00fcber den Verein Spendengelder und Beitr\u00e4ge von Mitgliedern, die direkt der Feuerwehr zugutekommen. Dabei handelt es sich nicht um Gelder der Kommune, sondern um <strong>zus\u00e4tzliche Mittel<\/strong>, mit denen wir \u00fcber die beh\u00f6rdlich vorgesehene Ausstattung hinaus investieren k\u00f6nnen.<\/p>\n<\/div>\n<\/div>\n\n\n\n<div style=\"height:50px\" aria-hidden=\"true\" class=\"wp-block-spacer\"><\/div>\n\n\n\n<h2 class=\"wp-block-heading\">Wof\u00fcr verwenden wir die Mittel?<\/h2>\n\n\n\n<p>Dank der Unterst\u00fctzung des F\u00f6rdervereins konnten wir in der Vergangenheit unter anderem:<\/p>\n\n\n\n<ul class=\"wp-block-list\">\n<li>moderne Einsatzmittel und Ausr\u00fcstung beschaffen,<\/li>\n\n\n\n<li>Materialien f\u00fcr Ausbildung und \u00dcbungen finanzieren,<\/li>\n\n\n\n<li>zus\u00e4tzliche Schutzausr\u00fcstung kaufen,<\/li>\n\n\n\n<li>die Ausstattung unseres Feuerwehrhauses verbessern<\/li>\n\n\n\n<li>und Veranstaltungen f\u00fcr die Kameradschaftspflege erm\u00f6glichen.<\/li>\n<\/ul>\n\n\n\n<p>All das w\u00e4re ohne die Hilfe des F\u00f6rdervereins und der Menschen, die ihn unterst\u00fctzen, nicht m\u00f6glich.<\/p>\n\n\n\n<hr class=\"wp-block-separator has-alpha-channel-opacity\"\/>\n\n\n\n<h2 class=\"wp-block-heading\">Wie kann man helfen?<\/h2>\n\n\n\n<p>Mitglied im F\u00f6rderverein kann jede*r werden \u2013 ob als Privatperson oder Unternehmen. Jeder Beitrag hilft! Auch einmalige Spenden sind herzlich willkommen und kommen <strong>zu 100\u202f%<\/strong> unserer Feuerwehr zugute.<\/p>\n\n\n\n<p>Gemeinsam sorgen wir daf\u00fcr, dass unsere Feuerwehr auch in Zukunft gut ausger\u00fcstet ist \u2013 f\u00fcr Ihre Sicherheit in Linswege und Umgebung.<\/p>\n\n\n\n<p>Melde dich gerne bei unserem F\u00f6rderverein f\u00fcr eine dauerhafte Mitgliedschaft oder sende uns einfach direkt eine Spende. <\/p>\n\n\n\n<div class=\"wp-block-buttons is-content-justification-center is-layout-flex wp-container-core-buttons-is-layout-a89b3969 wp-block-buttons-is-layout-flex\">\n<div class=\"wp-block-button\"><a class=\"wp-block-button__link has-custom-feuerwehr-gelb-color has-custom-feuerwehr-rot-background-color has-text-color has-background has-link-color has-text-align-center wp-element-button\" href=\"https:\/\/www.paypal.com\/donate\/?hosted_button_id=B6T4FK7AQYFA8\" target=\"_blank\" rel=\"noreferrer noopener\">Jetzt spenden<\/a><\/div>\n<\/div>\n\n\n\n<div style=\"height:50px\" aria-hidden=\"true\" class=\"wp-block-spacer\"><\/div>\n\n\n\n<h2 class=\"wp-block-heading\">Hier k\u00f6nnt ihr sehen, was uns der F\u00f6rderverein erm\u00f6glicht.<\/h2>\n\n\n<ul class=\"wp-block-latest-posts__list is-grid columns-3 wp-block-latest-posts\"><li><div class=\"wp-block-latest-posts__featured-image\"><img loading=\"lazy\" decoding=\"async\" width=\"150\" height=\"150\" src=\"https:\/\/ffw-linswege.de\/wp-content\/uploads\/2026\/02\/20260117_01-150x150.jpg\" class=\"attachment-thumbnail size-thumbnail wp-post-image\" alt=\"\" style=\"\" srcset=\"https:\/\/ffw-linswege.de\/wp-content\/uploads\/2026\/02\/20260117_01-150x150.jpg 150w, https:\/\/ffw-linswege.de\/wp-content\/uploads\/2026\/02\/20260117_01-300x300.jpg 300w, https:\/\/ffw-linswege.de\/wp-content\/uploads\/2026\/02\/20260117_01-768x768.jpg 768w, https:\/\/ffw-linswege.de\/wp-content\/uploads\/2026\/02\/20260117_01.jpg 1024w\" sizes=\"auto, (max-width: 150px) 100vw, 150px\" \/><\/div><a class=\"wp-block-latest-posts__post-title\" href=\"https:\/\/ffw-linswege.de\/?p=1301\">Weihnachtsbaumaktion 2026<\/a><div class=\"wp-block-latest-posts__post-excerpt\">In diesem Jahr musste die traditionelle Weihnachtsbaumsammelaktion aufgrund des starken Schneefalls und des kr\u00e4ftigen\u2026\u00a0<a class=\"wp-block-latest-posts__read-more\" href=\"https:\/\/ffw-linswege.de\/?p=1301\" rel=\"noopener noreferrer\"><span class=\"screen-reader-text\">Weihnachtsbaumaktion 2026 <\/span>weiterlesen<\/a><\/div><\/li>\n<li><div class=\"wp-block-latest-posts__featured-image\"><img loading=\"lazy\" decoding=\"async\" width=\"150\" height=\"150\" src=\"https:\/\/ffw-linswege.de\/wp-content\/uploads\/2025\/06\/20250621_04-150x150.jpg\" class=\"attachment-thumbnail size-thumbnail wp-post-image\" alt=\"\" style=\"\" srcset=\"https:\/\/ffw-linswege.de\/wp-content\/uploads\/2025\/06\/20250621_04-150x150.jpg 150w, https:\/\/ffw-linswege.de\/wp-content\/uploads\/2025\/06\/20250621_04-300x300.jpg 300w, https:\/\/ffw-linswege.de\/wp-content\/uploads\/2025\/06\/20250621_04-768x768.jpg 768w, https:\/\/ffw-linswege.de\/wp-content\/uploads\/2025\/06\/20250621_04.jpg 821w\" sizes=\"auto, (max-width: 150px) 100vw, 150px\" \/><\/div><a class=\"wp-block-latest-posts__post-title\" href=\"https:\/\/ffw-linswege.de\/?p=1164\">100 Jahre Linsweger Feuerwehr<\/a><div class=\"wp-block-latest-posts__post-excerpt\">Am 21. Juni 2025 war es endlich so weit: Die Freiwillige Feuerwehr Linswege feierte\u2026\u00a0<a class=\"wp-block-latest-posts__read-more\" href=\"https:\/\/ffw-linswege.de\/?p=1164\" rel=\"noopener noreferrer\"><span class=\"screen-reader-text\">100 Jahre Linsweger Feuerwehr <\/span>weiterlesen<\/a><\/div><\/li>\n<li><div class=\"wp-block-latest-posts__featured-image\"><img loading=\"lazy\" decoding=\"async\" width=\"150\" height=\"150\" src=\"https:\/\/ffw-linswege.de\/wp-content\/uploads\/2024\/01\/20240106_01-150x150.jpg\" class=\"attachment-thumbnail size-thumbnail wp-post-image\" alt=\"\" style=\"\" \/><\/div><a class=\"wp-block-latest-posts__post-title\" href=\"https:\/\/ffw-linswege.de\/?p=971\">Weihnachtsbaumaktion 2024<\/a><div class=\"wp-block-latest-posts__post-excerpt\">Nach dem gro\u00dfartigen Erfolg im letzten Jahr haben wir auch 2024 wieder angepackt! Mit\u2026\u00a0<a class=\"wp-block-latest-posts__read-more\" href=\"https:\/\/ffw-linswege.de\/?p=971\" rel=\"noopener noreferrer\"><span class=\"screen-reader-text\">Weihnachtsbaumaktion 2024 <\/span>weiterlesen<\/a><\/div><\/li>\n<li><div class=\"wp-block-latest-posts__featured-image\"><img loading=\"lazy\" decoding=\"async\" width=\"150\" height=\"150\" src=\"https:\/\/ffw-linswege.de\/wp-content\/uploads\/2023\/12\/20231202_01-150x150.jpg\" class=\"attachment-thumbnail size-thumbnail wp-post-image\" alt=\"\" style=\"\" \/><\/div><a class=\"wp-block-latest-posts__post-title\" href=\"https:\/\/ffw-linswege.de\/?p=882\">Typisierungsaktion f\u00fcr Timo<\/a><div class=\"wp-block-latest-posts__post-excerpt\">Wenn die Bev\u00f6lkerung Hilfe braucht, ist die Feuerwehr stets zur Stelle. Heute, am 02.\u2026\u00a0<a class=\"wp-block-latest-posts__read-more\" href=\"https:\/\/ffw-linswege.de\/?p=882\" rel=\"noopener noreferrer\"><span class=\"screen-reader-text\">Typisierungsaktion f\u00fcr Timo <\/span>weiterlesen<\/a><\/div><\/li>\n<li><div class=\"wp-block-latest-posts__featured-image\"><img loading=\"lazy\" decoding=\"async\" width=\"150\" height=\"150\" src=\"https:\/\/ffw-linswege.de\/wp-content\/uploads\/2023\/09\/20230928_01-150x150.jpg\" class=\"attachment-thumbnail size-thumbnail wp-post-image\" alt=\"\" style=\"\" \/><\/div><a class=\"wp-block-latest-posts__post-title\" href=\"https:\/\/ffw-linswege.de\/?p=835\">Erste-Hilfe-Lehrgang f\u00fcr Feuerwehrkameraden<\/a><div class=\"wp-block-latest-posts__post-excerpt\">Am vergangenen Dienstag und Donnerstag versammelten sich 18 engagierte Kameraden der freiwilligen Feuerwehr Linswege\u2026\u00a0<a class=\"wp-block-latest-posts__read-more\" href=\"https:\/\/ffw-linswege.de\/?p=835\" rel=\"noopener noreferrer\"><span class=\"screen-reader-text\">Erste-Hilfe-Lehrgang f\u00fcr Feuerwehrkameraden <\/span>weiterlesen<\/a><\/div><\/li>\n<li><div class=\"wp-block-latest-posts__featured-image\"><img loading=\"lazy\" decoding=\"async\" width=\"150\" height=\"150\" src=\"https:\/\/ffw-linswege.de\/wp-content\/uploads\/2023\/07\/20230729_01-150x150.jpg\" class=\"attachment-thumbnail size-thumbnail wp-post-image\" alt=\"\" style=\"\" \/><\/div><a class=\"wp-block-latest-posts__post-title\" href=\"https:\/\/ffw-linswege.de\/?p=784\">Linswege feiert Gr\u00fcndung der Kinderfeuerwehr!<\/a><div class=\"wp-block-latest-posts__post-excerpt\">Am 29.07.2023 war ein besonderer Tag f\u00fcr die Feuerwehr Linswege, denn im Feuerwehrhaus fand\u2026\u00a0<a class=\"wp-block-latest-posts__read-more\" href=\"https:\/\/ffw-linswege.de\/?p=784\" rel=\"noopener noreferrer\"><span class=\"screen-reader-text\">Linswege feiert Gr\u00fcndung der Kinderfeuerwehr! <\/span>weiterlesen<\/a><\/div><\/li>\n<\/ul>","protected":false},"excerpt":{"rendered":"<p>Die Freiwillige Feuerwehr Linswege lebt vom Engagement \u2013 nicht nur der aktiven Einsatzkr\u00e4fte, sondern auch von Menschen, die uns finanziell oder materiell unterst\u00fctzen. Genau hier kommt unser F\u00f6rderverein ins Spiel. Was macht der F\u00f6rderverein? Der F\u00f6rderverein der Freiwilligen Feuerwehr Linswege unterst\u00fctzt unsere Feuerwehr in vielf\u00e4ltiger Weise. Haupts\u00e4chlich verwalten wir \u00fcber den Verein Spendengelder und Beitr\u00e4ge [&hellip;]<\/p>\n","protected":false},"author":2,"featured_media":0,"parent":0,"menu_order":3,"comment_status":"closed","ping_status":"closed","template":"","meta":{"footnotes":""},"class_list":["post-47","page","type-page","status-publish","hentry"],"_links":{"self":[{"href":"https:\/\/ffw-linswege.de\/index.php?rest_route=\/wp\/v2\/pages\/47","targetHints":{"allow":["GET"]}}],"collection":[{"href":"https:\/\/ffw-linswege.de\/index.php?rest_route=\/wp\/v2\/pages"}],"about":[{"href":"https:\/\/ffw-linswege.de\/index.php?rest_route=\/wp\/v2\/types\/page"}],"author":[{"embeddable":true,"href":"https:\/\/ffw-linswege.de\/index.php?rest_route=\/wp\/v2\/users\/2"}],"replies":[{"embeddable":true,"href":"https:\/\/ffw-linswege.de\/index.php?rest_route=%2Fwp%2Fv2%2Fcomments&post=47"}],"version-history":[{"count":8,"href":"https:\/\/ffw-linswege.de\/index.php?rest_route=\/wp\/v2\/pages\/47\/revisions"}],"predecessor-version":[{"id":1341,"href":"https:\/\/ffw-linswege.de\/index.php?rest_route=\/wp\/v2\/pages\/47\/revisions\/1341"}],"wp:attachment":[{"href":"https:\/\/ffw-linswege.de\/index.php?rest_route=%2Fwp%2Fv2%2Fmedia&parent=47"}],"curies":[{"name":"wp","href":"https:\/\/api.w.org\/{rel}","templated":true}]}}